{"id":618,"date":"2015-10-21T07:42:32","date_gmt":"2015-10-21T07:42:32","guid":{"rendered":"http:\/\/cdn.logistics.stylemixthemes.com\/demo\/?page_id=2"},"modified":"2023-05-30T10:10:15","modified_gmt":"2023-05-30T10:10:15","slug":"home","status":"publish","type":"page","link":"https:\/\/solemline.lv\/ru\/","title":{"rendered":"S\u0101kums"},"content":{"rendered":"<p>[vc_row full_width=&#8221;stretch_row_content_no_spaces&#8221; css=&#8221;.vc_custom_1445941555299{margin-bottom: 0px !important;}&#8221;][vc_column offset=&#8221;vc_hidden-xs&#8221;][rev_slider_vc alias=&#8221;main_slider&#8221;][\/vc_column][\/vc_row][vc_row full_width=&#8221;stretch_row&#8221; el_class=&#8221;base_bg_color no_overflow_hidden&#8221; css=&#8221;.vc_custom_1448432556856{margin-bottom: 80px !important;}&#8221;][vc_column width=&#8221;1\/4&#8243; offset=&#8221;vc_hidden-xs&#8221;][stm_rev_slider_nav title=&#8221;Saliktas kravas&#8221; icon=&#8221;stm-transport842&#8243; slide_number=&#8221;1&#8243;][\/vc_column][vc_column width=&#8221;1\/4&#8243; offset=&#8221;vc_hidden-xs&#8221;][stm_rev_slider_nav title=&#8221;Ekspress kravu pieg\u0101de EU&#8221; icon=&#8221;stm-transport839&#8243; slide_number=&#8221;2&#8243;][\/vc_column][vc_column width=&#8221;1\/4&#8243; offset=&#8221;vc_hidden-xs&#8221;][stm_rev_slider_nav title=&#8221;Konteineru p\u0101rvad\u0101jumi&#8221; icon=&#8221;stm-ship&#8221; slide_number=&#8221;3&#8243;][\/vc_column][vc_column width=&#8221;1\/4&#8243; offset=&#8221;vc_hidden-xs&#8221;][stm_rev_slider_nav title=&#8221;ADR kravu p\u0101rvad\u0101jumi&#8221; icon=&#8221;stm-transport875&#8243; slide_number=&#8221;4&#8243;][\/vc_column][\/vc_row][vc_row css=&#8221;.vc_custom_1450264294682{margin-bottom: 80px !important;}&#8221;][vc_column offset=&#8221;vc_col-lg-12 vc_col-md-12&#8243;][vc_column_text]<\/p>\n<p>I am text block. Click edit button to change this text. Lorem ipsum dolor sit amet, consectetur adipiscing elit. Ut elit tellus, luctus nec ullamcorper mattis, pulvinar dapibus leo.<\/p>\n<p>[\/vc_column_text][\/vc_column][\/vc_row][vc_row full_width=&#8221;stretch_row&#8221; css=&#8221;.vc_custom_1527593975399{margin-bottom: 0px !important;padding-top: 80px !important;padding-bottom: 5px !important;}&#8221; el_class=&#8221;base_bg_color&#8221;][vc_column][vc_column_text]<\/p>\n<p>I am text block. Click edit button to change this text. Lorem ipsum dolor sit amet, consectetur adipiscing elit. Ut elit tellus, luctus nec ullamcorper mattis, pulvinar dapibus leo.<\/p>\n<p>[\/vc_column_text][\/vc_column][\/vc_row][vc_row full_width=&#8221;stretch_row&#8221; css=&#8221;.vc_custom_1532980053416{margin-bottom: 0px !important;padding-top: 80px !important;padding-bottom: 15px !important;}&#8221; el_class=&#8221;base_bg_color&#8221;][vc_column width=&#8221;1\/3&#8243;][stm_icon icon_size=&#8221;71&#8243; icon_height=&#8221;72&#8243; title_font_size=&#8221;14&#8243; title_font_weight=&#8221;500&#8243; align=&#8221;center&#8221; icon=&#8221;stm-transport842&#8243; title=&#8221;Salikto un pilno kravu p\u0101rvad\u0101jumi&#8221; title_color=&#8221;#ffffff&#8221;][stm_icon icon_size=&#8221;71&#8243; icon_height=&#8221;72&#8243; title_font_size=&#8221;14&#8243; title_font_weight=&#8221;500&#8243; align=&#8221;center&#8221; icon=&#8221;stm-transport847&#8243; title=&#8221;Negabar\u012btu kravu p\u0101rvad\u0101jumi&#8221; title_color=&#8221;#ffffff&#8221; css=&#8221;.vc_custom_1527593790466{padding-top: 45px !important;}&#8221;][\/vc_column][vc_column width=&#8221;1\/3&#8243;][stm_icon icon_size=&#8221;71&#8243; icon_height=&#8221;72&#8243; title_font_size=&#8221;14&#8243; title_font_weight=&#8221;500&#8243; align=&#8221;center&#8221; icon=&#8221;stm-ship&#8221; title=&#8221;Konteinera p\u0101rvad\u0101jumi&#8221; title_color=&#8221;#ffffff&#8221;][stm_icon icon_size=&#8221;71&#8243; icon_height=&#8221;72&#8243; title_font_size=&#8221;14&#8243; title_font_weight=&#8221;500&#8243; align=&#8221;center&#8221; icon=&#8221;stm-transport855&#8243; title=&#8221;ADR kravu p\u0101rvad\u0101jumi&#8221; title_color=&#8221;#ffffff&#8221; css=&#8221;.vc_custom_1527593814287{padding-top: 45px !important;}&#8221;][\/vc_column][vc_column width=&#8221;1\/3&#8243;][stm_icon icon_size=&#8221;71&#8243; icon_height=&#8221;72&#8243; title_font_size=&#8221;14&#8243; title_font_weight=&#8221;500&#8243; align=&#8221;center&#8221; icon=&#8221;stm-transport853&#8243; title=&#8221;Refri\u017eeratoru kravu p\u0101rvad\u0101jumi&#8221; title_color=&#8221;#ffffff&#8221;][stm_icon icon_size=&#8221;71&#8243; icon_height=&#8221;72&#8243; title_font_size=&#8221;14&#8243; title_font_weight=&#8221;500&#8243; align=&#8221;center&#8221; icon=&#8221;stm-transport839&#8243; title=&#8221;Ekspress kravu pieg\u0101de EU&#8221; title_color=&#8221;#ffffff&#8221; css=&#8221;.vc_custom_1527593832658{padding-top: 45px !important;}&#8221;][\/vc_column][\/vc_row][vc_row full_width=&#8221;stretch_row_content_no_spaces&#8221; css=&#8221;.vc_custom_1532980088140{margin-bottom: 0px !important;padding-bottom: 50px !important;}&#8221; el_class=&#8221;base_bg_color&#8221;][vc_column width=&#8221;1\/3&#8243;][stm_gmap map_zoom=&#8221;18&#8243; disable_mouse_whell=&#8221;disable&#8221; marker=&#8221;1241&#8243;][\/stm_gmap][\/vc_column][vc_column width=&#8221;1\/3&#8243;][vc_btn title=&#8221;Visi pakalpojumi&#8221; style=&#8221;outline&#8221; color=&#8221;primary&#8221; size=&#8221;sm&#8221; align=&#8221;center&#8221; link=&#8221;url:http%3A%2F%2Fsolemline.lv%2Findex.php%2Fhome%2Fservices-icon%2F|||&#8221; css=&#8221;.vc_custom_1532983085432{padding-top: 65px !important;}&#8221;][\/vc_column][vc_column width=&#8221;1\/3&#8243;][\/vc_column][\/vc_row][vc_row full_width=&#8221;stretch_row&#8221; equal_height=&#8221;yes&#8221; css=&#8221;.vc_custom_1450446724850{margin-bottom: 0px !important;margin-left: 0px !important;background-color: #f7f7f7 !important;}&#8221; el_class=&#8221;reset-sm-paddings&#8221;][vc_column css=&#8221;.vc_custom_1450444940366{padding-top: 80px !important;padding-bottom: 31px !important;}&#8221; offset=&#8221;vc_col-lg-5 vc_col-md-6&#8243;][vc_custom_heading text=&#8221;Kas padara m\u016bs \u012bpa\u0161us?&#8221; use_theme_fonts=&#8221;yes&#8221;][vc_column_text]<\/p>\n<p>I am text block. Click edit button to change this text. Lorem ipsum dolor sit amet, consectetur adipiscing elit. Ut elit tellus, luctus nec ullamcorper mattis, pulvinar dapibus leo.<\/p>\n<p>[\/vc_column_text][vc_row_inner css=&#8221;.vc_custom_1449127190171{margin-bottom: 0px !important;}&#8221; el_class=&#8221;reset-sm-paddings&#8221;][vc_column_inner width=&#8221;1\/2&#8243; css=&#8221;.vc_custom_1450423994691{margin-bottom: 44px !important;}&#8221; offset=&#8221;vc_col-xs-12&#8243;][stm_icon drawing=&#8221;yes&#8221; icon_position=&#8221;icon_position_left&#8221; icon_width_svg=&#8221;68&#8243; icon_size=&#8221;71&#8243; icon_width=&#8221;95&#8243; title_font_size=&#8221;14&#8243; title_font_weight=&#8221;600&#8243; title=&#8221;Precizit\u0101te<br \/>\nl\u012bdz sekundei&#8221; drawing_icon=&#8221;stm-packaging-and-storage&#8221;][\/vc_column_inner][vc_column_inner width=&#8221;1\/2&#8243; css=&#8221;.vc_custom_1450423999162{margin-bottom: 44px !important;}&#8221; offset=&#8221;vc_col-xs-12&#8243;][stm_icon drawing=&#8221;yes&#8221; icon_position=&#8221;icon_position_left&#8221; icon_width_svg=&#8221;71&#8243; icon_size=&#8221;64&#8243; icon_width=&#8221;95&#8243; title_font_size=&#8221;14&#8243; title_font_weight=&#8221;600&#8243; title=&#8221;Piem\u0113rota<br \/>\nCena katram&#8221; drawing_icon=&#8221;stm-warehousing-service&#8221;][\/vc_column_inner][\/vc_row_inner][vc_row_inner css=&#8221;.vc_custom_1449127193884{margin-bottom: 0px !important;}&#8221; el_class=&#8221;reset-sm-paddings&#8221;][vc_column_inner width=&#8221;1\/2&#8243; css=&#8221;.vc_custom_1450424067703{margin-bottom: 44px !important;}&#8221; offset=&#8221;vc_col-xs-12&#8243;][stm_icon drawing=&#8221;yes&#8221; icon_position=&#8221;icon_position_left&#8221; icon_width_svg=&#8221;72&#8243; icon_size=&#8221;51&#8243; icon_width=&#8221;95&#8243; title_font_size=&#8221;14&#8243; title_font_weight=&#8221;600&#8243; title=&#8221;Profesion\u0101la<br \/>\nPieeja&#8221; drawing_icon=&#8221;stm-ground-transport&#8221;][\/vc_column_inner][vc_column_inner width=&#8221;1\/2&#8243; css=&#8221;.vc_custom_1450424075450{margin-bottom: 44px !important;}&#8221; offset=&#8221;vc_col-xs-12&#8243;][stm_icon drawing=&#8221;yes&#8221; icon_position=&#8221;icon_position_left&#8221; icon_width_svg=&#8221;77&#8243; icon_size=&#8221;50&#8243; icon_width=&#8221;95&#8243; title_font_size=&#8221;14&#8243; title_font_weight=&#8221;600&#8243; title=&#8221;100%<br \/>\ngarantija no mums&#8221; drawing_icon=&#8221;stm-logistic-services&#8221;][\/vc_column_inner][\/vc_row_inner][\/vc_column][vc_column offset=&#8221;vc_col-lg-7 vc_col-md-6&#8243; css=&#8221;.vc_custom_1450444946350{padding-left: 45px !important;}&#8221;][vc_row_inner el_class=&#8221;reset-sm-paddings&#8221;][vc_column_inner el_class=&#8221;base_bg_color&#8221; css=&#8221;.vc_custom_1450423858601{padding-top: 80px !important;padding-right: 40px !important;padding-bottom: 50px !important;padding-left: 40px !important;}&#8221;][vc_custom_heading text=&#8221;Pieprasi sev piem\u0113rotu cenu!&#8221; font_container=&#8221;tag:h2|text_align:left|color:%23ffffff&#8221; use_theme_fonts=&#8221;yes&#8221;]<div class=\"wpcf7 no-js\" id=\"wpcf7-f208-o1\" lang=\"en-US\" dir=\"ltr\">\n<div class=\"screen-reader-response\"><p role=\"status\" aria-live=\"polite\" aria-atomic=\"true\"><\/p> <ul><\/ul><\/div>\n<form action=\"\/ru\/wp-json\/wp\/v2\/pages\/618#wpcf7-f208-o1\" method=\"post\" class=\"wpcf7-form init\" aria-label=\"Contact form\" novalidate=\"novalidate\" data-status=\"init\">\n<div style=\"display: none;\">\n<input type=\"hidden\" name=\"_wpcf7\" value=\"208\" \/>\n<input type=\"hidden\" name=\"_wpcf7_version\" value=\"5.7.2\" \/>\n<input type=\"hidden\" name=\"_wpcf7_locale\" value=\"en_US\" \/>\n<input type=\"hidden\" name=\"_wpcf7_unit_tag\" value=\"wpcf7-f208-o1\" \/>\n<input type=\"hidden\" name=\"_wpcf7_container_post\" value=\"0\" \/>\n<input type=\"hidden\" name=\"_wpcf7_posted_data_hash\" value=\"\" \/>\n<\/div>\n<div class=\"request_quote\">\n\t<div class=\"row\">\n\t\t<div class=\"col-lg-6 col-md-6 col-sm-6 col-xs-12\">\n\t\t\t<div class=\"input-group\">\n\t\t\t\t<p><span class=\"wpcf7-form-control-wrap\" data-name=\"freight_type\"><select class=\"wpcf7-form-control wpcf7-select\" aria-invalid=\"false\" name=\"freight_type\"><option value=\"\">Salikta vai pilna krava<\/option><option value=\"Konteinera p\u0101rvad\u0101jums\">Konteinera p\u0101rvad\u0101jums<\/option><option value=\"Refri\u017eeratoru kravu p\u0101rvad\u0101jums\">Refri\u017eeratoru kravu p\u0101rvad\u0101jums<\/option><option value=\"Negabar\u012btu kravu p\u0101rvad\u0101jums\">Negabar\u012btu kravu p\u0101rvad\u0101jums<\/option><option value=\"ADR kravu p\u0101rvad\u0101jums\">ADR kravu p\u0101rvad\u0101jums<\/option><option value=\"Ekspress kravu pieg\u0101de EU\">Ekspress kravu pieg\u0101de EU<\/option><\/select><\/span>\n\t\t\t\t<\/p>\n\t\t\t<\/div>\n\t\t\t<div class=\"input-group\">\n\t\t\t\t<p><span class=\"wpcf7-form-control-wrap\" data-name=\"departure_city\"><input size=\"40\" class=\"wpcf7-form-control wpcf7-text wpcf7-validates-as-required\" aria-required=\"true\" aria-invalid=\"false\" placeholder=\"Sa\u0146em\u0161anas vieta\" value=\"\" type=\"text\" name=\"departure_city\" \/><\/span>\n\t\t\t\t<\/p>\n\t\t\t<\/div>\n\t\t\t<div class=\"input-group\">\n\t\t\t\t<p><span class=\"wpcf7-form-control-wrap\" data-name=\"delivery_city\"><input size=\"40\" class=\"wpcf7-form-control wpcf7-text\" aria-invalid=\"false\" placeholder=\"Pieg\u0101des vieta\" value=\"\" type=\"text\" name=\"delivery_city\" \/><\/span>\n\t\t\t\t<\/p>\n\t\t\t<\/div>\n\t\t\t<div class=\"input-group\">\n\t\t\t\t<p><span class=\"wpcf7-form-control-wrap\" data-name=\"total_weight\"><input size=\"40\" class=\"wpcf7-form-control wpcf7-text\" aria-invalid=\"false\" placeholder=\"Svars (KG)\" value=\"\" type=\"text\" name=\"total_weight\" \/><\/span>\n\t\t\t\t<\/p>\n\t\t\t<\/div>\n\t\t<\/div>\n\t\t<div class=\"col-lg-6 col-md-6 col-sm-6 col-xs-12\">\n\t\t\t<div class=\"input-group\">\n\t\t\t\t<p><span class=\"wpcf7-form-control-wrap\" data-name=\"dimension\"><input size=\"40\" class=\"wpcf7-form-control wpcf7-text\" aria-invalid=\"false\" placeholder=\"Izm\u0113ri\" value=\"\" type=\"text\" name=\"dimension\" \/><\/span>\n\t\t\t\t<\/p>\n\t\t\t<\/div>\n\t\t\t<div class=\"input-group\">\n\t\t\t\t<p><span class=\"wpcf7-form-control-wrap\" data-name=\"email\"><input size=\"40\" class=\"wpcf7-form-control wpcf7-text wpcf7-email wpcf7-validates-as-required wpcf7-validates-as-email\" aria-required=\"true\" aria-invalid=\"false\" placeholder=\"Epasts\" value=\"\" type=\"email\" name=\"email\" \/><\/span>\n\t\t\t\t<\/p>\n\t\t\t<\/div>\n\t\t\t<div class=\"input-group\">\n\t\t\t\t<p><span class=\"wpcf7-form-control-wrap\" data-name=\"message\"><textarea cols=\"40\" rows=\"10\" class=\"wpcf7-form-control wpcf7-textarea\" aria-invalid=\"false\" placeholder=\"Zi\u0146as teksts\" name=\"message\"><\/textarea><\/span>\n\t\t\t\t<\/p>\n\t\t\t<\/div>\n\t\t\t<div class=\"input-group\">\n\t\t\t\t<p><button class=\"button size-sm fullwidth white-text theme-wpcf7-submit\">Piepras\u012bt cenu <i class=\"stm-arrow-next\"><\/i><\/button>\n\t\t\t\t<\/p>\n\t\t\t<\/div>\n\t\t<\/div>\n\t<\/div>\n<\/div><div class=\"wpcf7-response-output\" aria-hidden=\"true\"><\/div><\/form><\/div>[\/vc_column_inner][\/vc_row_inner][\/vc_column][\/vc_row][vc_row][vc_column][vc_custom_heading text=&#8221;Sadarb\u012bbas partneri&#8221; font_container=&#8221;tag:h2|text_align:center&#8221; use_theme_fonts=&#8221;yes&#8221;][\/vc_column][\/vc_row]<\/p>\n","protected":false},"excerpt":{"rendered":"<p>[vc_row full_width=&#8221;stretch_row_content_no_spaces&#8221; css=&#8221;.vc_custom_1445941555299{margin-bottom: 0px !important;}&#8221;][vc_column offset=&#8221;vc_hidden-xs&#8221;][rev_slider_vc alias=&#8221;main_slider&#8221;][\/vc_column][\/vc_row][vc_row full_width=&#8221;stretch_row&#8221; el_class=&#8221;base_bg_color no_overflow_hidden&#8221; css=&#8221;.vc_custom_1448432556856{margin-bottom: 80px !important;}&#8221;][vc_column width=&#8221;1\/4&#8243; offset=&#8221;vc_hidden-xs&#8221;][stm_rev_slider_nav title=&#8221;Saliktas kravas&#8221; icon=&#8221;stm-transport842&#8243; slide_number=&#8221;1&#8243;][\/vc_column][vc_column width=&#8221;1\/4&#8243; offset=&#8221;vc_hidden-xs&#8221;][stm_rev_slider_nav title=&#8221;Ekspress kravu pieg\u0101de EU&#8221; icon=&#8221;stm-transport839&#8243; slide_number=&#8221;2&#8243;][\/vc_column][vc_column width=&#8221;1\/4&#8243; offset=&#8221;vc_hidden-xs&#8221;][stm_rev_slider_nav title=&#8221;Konteineru p\u0101rvad\u0101jumi&#8221; icon=&#8221;stm-ship&#8221; slide_number=&#8221;3&#8243;][\/vc_column][vc_column&#8230;<\/p>\n","protected":false},"author":1,"featured_media":0,"parent":0,"menu_order":0,"comment_status":"closed","ping_status":"open","template":"","meta":{"om_disable_all_campaigns":false,"_mi_skip_tracking":false},"translation":{"provider":"WPGlobus","version":"2.10.8","language":"ru","enabled_languages":["lv","en","ru"],"languages":{"lv":{"title":true,"content":true,"excerpt":false},"en":{"title":false,"content":true,"excerpt":false},"ru":{"title":true,"content":true,"excerpt":false}}},"aioseo_notices":[],"_links":{"self":[{"href":"https:\/\/solemline.lv\/ru\/wp-json\/wp\/v2\/pages\/618"}],"collection":[{"href":"https:\/\/solemline.lv\/ru\/wp-json\/wp\/v2\/pages"}],"about":[{"href":"https:\/\/solemline.lv\/ru\/wp-json\/wp\/v2\/types\/page"}],"author":[{"embeddable":true,"href":"https:\/\/solemline.lv\/ru\/wp-json\/wp\/v2\/users\/1"}],"replies":[{"embeddable":true,"href":"https:\/\/solemline.lv\/ru\/wp-json\/wp\/v2\/comments?post=618"}],"version-history":[{"count":51,"href":"https:\/\/solemline.lv\/ru\/wp-json\/wp\/v2\/pages\/618\/revisions"}],"predecessor-version":[{"id":1421,"href":"https:\/\/solemline.lv\/ru\/wp-json\/wp\/v2\/pages\/618\/revisions\/1421"}],"wp:attachment":[{"href":"https:\/\/solemline.lv\/ru\/wp-json\/wp\/v2\/media?parent=618"}],"curies":[{"name":"wp","href":"https:\/\/api.w.org\/{rel}","templated":true}]}}